{"id":15,"date":"2025-11-17T12:54:13","date_gmt":"2025-11-17T11:54:13","guid":{"rendered":"https:\/\/itallopizza.pl\/?page_id=15"},"modified":"2026-03-19T19:45:46","modified_gmt":"2026-03-19T18:45:46","slug":"zestawy-promocyjne","status":"publish","type":"page","link":"https:\/\/itallopizza.pl\/index.php\/zestawy-promocyjne\/","title":{"rendered":"ZESTAWY PROMOCYJNE"},"content":{"rendered":"\t\t<div data-elementor-type=\"wp-page\" data-elementor-id=\"15\" class=\"elementor elementor-15\">\n\t\t\t\t<div class=\"elementor-element elementor-element-576df9a e-con-full e-flex e-con e-parent\" data-id=\"576df9a\" data-element_type=\"container\">\n\t\t\t\t<\/div>\n\t\t<div class=\"elementor-element elementor-element-278598b e-con-full e-flex e-con e-parent\" data-id=\"278598b\" data-element_type=\"container\" data-settings=\"{&quot;background_background&quot;:&quot;classic&quot;}\">\n\t\t\t\t<div class=\"elementor-element elementor-element-7940ef7 elementor-widget elementor-widget-image\" data-id=\"7940ef7\" data-element_type=\"widget\" data-widget_type=\"image.default\">\n\t\t\t\t\t\t\t\t\t\t\t\t\t\t\t<img fetchpriority=\"high\" decoding=\"async\" width=\"768\" height=\"105\" src=\"https:\/\/itallopizza.pl\/wp-content\/uploads\/2025\/11\/zestaw_promo_itallo_pizza-768x105.png\" class=\"attachment-medium_large size-medium_large wp-image-111\" alt=\"\" srcset=\"https:\/\/itallopizza.pl\/wp-content\/uploads\/2025\/11\/zestaw_promo_itallo_pizza-768x105.png 768w, https:\/\/itallopizza.pl\/wp-content\/uploads\/2025\/11\/zestaw_promo_itallo_pizza-300x41.png 300w, https:\/\/itallopizza.pl\/wp-content\/uploads\/2025\/11\/zestaw_promo_itallo_pizza-1024x140.png 1024w, https:\/\/itallopizza.pl\/wp-content\/uploads\/2025\/11\/zestaw_promo_itallo_pizza-1536x210.png 1536w, https:\/\/itallopizza.pl\/wp-content\/uploads\/2025\/11\/zestaw_promo_itallo_pizza.png 1600w\" sizes=\"(max-width: 768px) 100vw, 768px\" \/>\t\t\t\t\t\t\t\t\t\t\t\t\t\t\t<\/div>\n\t\t\t\t<\/div>\n\t\t<div class=\"elementor-element elementor-element-0be76e0 e-flex e-con-boxed e-con e-parent\" data-id=\"0be76e0\" data-element_type=\"container\" data-settings=\"{&quot;background_background&quot;:&quot;classic&quot;}\">\n\t\t\t\t\t<div class=\"e-con-inner\">\n\t\t<div class=\"elementor-element elementor-element-016e564 e-con-full e-flex e-con e-child\" data-id=\"016e564\" data-element_type=\"container\" data-settings=\"{&quot;background_background&quot;:&quot;classic&quot;}\">\n\t\t\t\t<div class=\"elementor-element elementor-element-bf8ed82 elementor-widget elementor-widget-image\" data-id=\"bf8ed82\" data-element_type=\"widget\" data-widget_type=\"image.default\">\n\t\t\t\t\t\t\t\t\t\t\t\t\t\t\t<img decoding=\"async\" width=\"820\" height=\"384\" src=\"https:\/\/itallopizza.pl\/wp-content\/uploads\/2025\/11\/2-Pizze-CMYK-kopia.jpg\" class=\"attachment-large size-large wp-image-113\" alt=\"\" srcset=\"https:\/\/itallopizza.pl\/wp-content\/uploads\/2025\/11\/2-Pizze-CMYK-kopia.jpg 820w, https:\/\/itallopizza.pl\/wp-content\/uploads\/2025\/11\/2-Pizze-CMYK-kopia-300x140.jpg 300w, https:\/\/itallopizza.pl\/wp-content\/uploads\/2025\/11\/2-Pizze-CMYK-kopia-768x360.jpg 768w\" sizes=\"(max-width: 820px) 100vw, 820px\" \/>\t\t\t\t\t\t\t\t\t\t\t\t\t\t\t<\/div>\n\t\t\t\t<\/div>\n\t\t<div class=\"elementor-element elementor-element-624396d e-con-full e-flex e-con e-child\" data-id=\"624396d\" data-element_type=\"container\">\n\t\t\t\t<div class=\"elementor-element elementor-element-fe8d38a elementor-widget elementor-widget-text-editor\" data-id=\"fe8d38a\" data-element_type=\"widget\" data-widget_type=\"text-editor.default\">\n\t\t\t\t\t\t\t\t\t<h3>ITALLO DU\u017bY &#8211;\u00a0 <span style=\"color: #008000;\">2 DU\u017bE PIZZE<\/span> &#8211; <span style=\"color: #ff0000;\">80,00 z\u0142<\/span><\/h3><h6>ser, sos, 3 dowolne sk\u0142adniki na ka\u017cd\u0105 pizze<\/h6>\t\t\t\t\t\t\t\t<\/div>\n\t\t\t\t<\/div>\n\t\t\t\t\t<\/div>\n\t\t\t\t<\/div>\n\t\t<div class=\"elementor-element elementor-element-ddb5663 e-flex e-con-boxed e-con e-parent\" data-id=\"ddb5663\" data-element_type=\"container\">\n\t\t\t\t\t<div class=\"e-con-inner\">\n\t\t<div class=\"elementor-element elementor-element-4f839a5 e-con-full e-flex e-con e-child\" data-id=\"4f839a5\" data-element_type=\"container\">\n\t\t\t\t<div class=\"elementor-element elementor-element-0035e5c elementor-widget elementor-widget-image\" data-id=\"0035e5c\" data-element_type=\"widget\" data-widget_type=\"image.default\">\n\t\t\t\t\t\t\t\t\t\t\t\t\t\t\t<img decoding=\"async\" width=\"1024\" height=\"509\" src=\"https:\/\/itallopizza.pl\/wp-content\/uploads\/2025\/11\/822807_18527972_2-1024x509.jpg\" class=\"attachment-large size-large wp-image-112\" alt=\"\" srcset=\"https:\/\/itallopizza.pl\/wp-content\/uploads\/2025\/11\/822807_18527972_2-1024x509.jpg 1024w, https:\/\/itallopizza.pl\/wp-content\/uploads\/2025\/11\/822807_18527972_2-300x149.jpg 300w, https:\/\/itallopizza.pl\/wp-content\/uploads\/2025\/11\/822807_18527972_2-768x381.jpg 768w, https:\/\/itallopizza.pl\/wp-content\/uploads\/2025\/11\/822807_18527972_2-1536x763.jpg 1536w, https:\/\/itallopizza.pl\/wp-content\/uploads\/2025\/11\/822807_18527972_2-2048x1017.jpg 2048w\" sizes=\"(max-width: 1024px) 100vw, 1024px\" \/>\t\t\t\t\t\t\t\t\t\t\t\t\t\t\t<\/div>\n\t\t\t\t<\/div>\n\t\t<div class=\"elementor-element elementor-element-6e865bf e-con-full e-flex e-con e-child\" data-id=\"6e865bf\" data-element_type=\"container\">\n\t\t\t\t<div class=\"elementor-element elementor-element-edb9537 elementor-widget elementor-widget-text-editor\" data-id=\"edb9537\" data-element_type=\"widget\" data-widget_type=\"text-editor.default\">\n\t\t\t\t\t\t\t\t\t<h3>ITALLO DU\u017bY IMPREZA &#8211;\u00a0 <span style=\"color: #008000;\">3 DU\u017bE PIZZE<\/span> &#8211; <span style=\"color: #ff0000;\">120,00 z\u0142<\/span><\/h3><h6>ser, sos, 3 dowolne sk\u0142adniki na ka\u017cd\u0105 pizze<\/h6>\t\t\t\t\t\t\t\t<\/div>\n\t\t\t\t<\/div>\n\t\t\t\t\t<\/div>\n\t\t\t\t<\/div>\n\t\t<div class=\"elementor-element elementor-element-28a19ec e-flex e-con-boxed e-con e-parent\" data-id=\"28a19ec\" data-element_type=\"container\">\n\t\t\t\t\t<div class=\"e-con-inner\">\n\t\t<div class=\"elementor-element elementor-element-f51d8a6 e-con-full e-flex e-con e-child\" data-id=\"f51d8a6\" data-element_type=\"container\">\n\t\t\t\t<div class=\"elementor-element elementor-element-8b95d0d elementor-widget elementor-widget-image\" data-id=\"8b95d0d\" data-element_type=\"widget\" data-widget_type=\"image.default\">\n\t\t\t\t\t\t\t\t\t\t\t\t\t\t\t<img decoding=\"async\" width=\"820\" height=\"384\" src=\"https:\/\/itallopizza.pl\/wp-content\/uploads\/2025\/11\/2-Pizze-CMYK-kopia.jpg\" class=\"attachment-large size-large wp-image-113\" alt=\"\" srcset=\"https:\/\/itallopizza.pl\/wp-content\/uploads\/2025\/11\/2-Pizze-CMYK-kopia.jpg 820w, https:\/\/itallopizza.pl\/wp-content\/uploads\/2025\/11\/2-Pizze-CMYK-kopia-300x140.jpg 300w, https:\/\/itallopizza.pl\/wp-content\/uploads\/2025\/11\/2-Pizze-CMYK-kopia-768x360.jpg 768w\" sizes=\"(max-width: 820px) 100vw, 820px\" \/>\t\t\t\t\t\t\t\t\t\t\t\t\t\t\t<\/div>\n\t\t\t\t<\/div>\n\t\t<div class=\"elementor-element elementor-element-76a0615 e-con-full e-flex e-con e-child\" data-id=\"76a0615\" data-element_type=\"container\">\n\t\t\t\t<div class=\"elementor-element elementor-element-40eeb12 elementor-widget elementor-widget-text-editor\" data-id=\"40eeb12\" data-element_type=\"widget\" data-widget_type=\"text-editor.default\">\n\t\t\t\t\t\t\t\t\t<h3>ITALLO MAX &#8211;\u00a0 <span style=\"color: #008000;\">2 MAX PIZZE<\/span> &#8211; <span style=\"color: #ff0000;\">120,00 z\u0142<\/span><\/h3><h6>ser, sos, 3 dowolne sk\u0142adniki na ka\u017cd\u0105 pizze<\/h6>\t\t\t\t\t\t\t\t<\/div>\n\t\t\t\t<\/div>\n\t\t\t\t\t<\/div>\n\t\t\t\t<\/div>\n\t\t<div class=\"elementor-element elementor-element-14dc23b e-flex e-con-boxed e-con e-parent\" data-id=\"14dc23b\" data-element_type=\"container\">\n\t\t\t\t\t<div class=\"e-con-inner\">\n\t\t<div class=\"elementor-element elementor-element-00baeea e-con-full e-flex e-con e-child\" data-id=\"00baeea\" data-element_type=\"container\">\n\t\t\t\t<div class=\"elementor-element elementor-element-288e906 elementor-widget elementor-widget-image\" data-id=\"288e906\" data-element_type=\"widget\" data-widget_type=\"image.default\">\n\t\t\t\t\t\t\t\t\t\t\t\t\t\t\t<img decoding=\"async\" width=\"1024\" height=\"509\" src=\"https:\/\/itallopizza.pl\/wp-content\/uploads\/2025\/11\/822807_18527972_2-1024x509.jpg\" class=\"attachment-large size-large wp-image-112\" alt=\"\" srcset=\"https:\/\/itallopizza.pl\/wp-content\/uploads\/2025\/11\/822807_18527972_2-1024x509.jpg 1024w, https:\/\/itallopizza.pl\/wp-content\/uploads\/2025\/11\/822807_18527972_2-300x149.jpg 300w, https:\/\/itallopizza.pl\/wp-content\/uploads\/2025\/11\/822807_18527972_2-768x381.jpg 768w, https:\/\/itallopizza.pl\/wp-content\/uploads\/2025\/11\/822807_18527972_2-1536x763.jpg 1536w, https:\/\/itallopizza.pl\/wp-content\/uploads\/2025\/11\/822807_18527972_2-2048x1017.jpg 2048w\" sizes=\"(max-width: 1024px) 100vw, 1024px\" \/>\t\t\t\t\t\t\t\t\t\t\t\t\t\t\t<\/div>\n\t\t\t\t<\/div>\n\t\t<div class=\"elementor-element elementor-element-42cb84a e-con-full e-flex e-con e-child\" data-id=\"42cb84a\" data-element_type=\"container\">\n\t\t\t\t<div class=\"elementor-element elementor-element-dd0f656 elementor-widget elementor-widget-text-editor\" data-id=\"dd0f656\" data-element_type=\"widget\" data-widget_type=\"text-editor.default\">\n\t\t\t\t\t\t\t\t\t<h3>ITALLO MAX IMPREZA &#8211;\u00a0<span style=\"color: #008000;\"> 3 MAX PIZZE<\/span> &#8211; <span style=\"color: #ff0000;\">180,00 z\u0142<\/span><\/h3><h6>ser, sos, 3 dowolne sk\u0142adniki na ka\u017cd\u0105 pizze<\/h6>\t\t\t\t\t\t\t\t<\/div>\n\t\t\t\t<\/div>\n\t\t\t\t\t<\/div>\n\t\t\t\t<\/div>\n\t\t<div class=\"elementor-element elementor-element-fb89907 e-flex e-con-boxed e-con e-parent\" data-id=\"fb89907\" data-element_type=\"container\">\n\t\t\t\t\t<div class=\"e-con-inner\">\n\t\t\t\t<div class=\"elementor-element elementor-element-d232fa6 elementor-widget elementor-widget-text-editor\" data-id=\"d232fa6\" data-element_type=\"widget\" data-widget_type=\"text-editor.default\">\n\t\t\t\t\t\t\t\t\t<h4 style=\"text-align: center;\">podw\u00f3jny ser, owoce morza, szynka parme\u0144ska &#8211; <span style=\"color: #ff0000;\">P\u0141ATNE DODATKOWO<\/span><\/h4><h4>\u00a0<\/h4><h4 style=\"text-align: center;\"><span style=\"color: #008000;\">BRAK MO\u017bLIWO\u015aCI ZAM\u00d3WIENIA PIZZY P\u00d3\u0141 NA P\u00d3\u0141 W ZESTAWACH<\/span><\/h4>\t\t\t\t\t\t\t\t<\/div>\n\t\t\t\t\t<\/div>\n\t\t\t\t<\/div>\n\t\t\t\t<\/div>\n\t\t","protected":false},"excerpt":{"rendered":"<p>ITALLO DU\u017bY &#8211;\u00a0 2 DU\u017bE PIZZE &#8211; 80,00 z\u0142 ser, sos, 3 dowolne sk\u0142adniki na ka\u017cd\u0105 pizze ITALLO DU\u017bY IMPREZA [&hellip;]<\/p>\n","protected":false},"author":1,"featured_media":0,"parent":0,"menu_order":3,"comment_status":"closed","ping_status":"closed","template":"elementor_header_footer","meta":{"site-sidebar-layout":"no-sidebar","site-content-layout":"","ast-site-content-layout":"full-width-container","site-content-style":"default","site-sidebar-style":"default","ast-global-header-display":"","ast-banner-title-visibility":"","ast-main-header-display":"","ast-hfb-above-header-display":"","ast-hfb-below-header-display":"","ast-hfb-mobile-header-display":"","site-post-title":"","ast-breadcrumbs-content":"","ast-featured-img":"disabled","footer-sml-layout":"","theme-transparent-header-meta":"","adv-header-id-meta":"","stick-header-meta":"","header-above-stick-meta":"","header-main-stick-meta":"","header-below-stick-meta":"","astra-migrate-meta-layouts":"default","ast-page-background-enabled":"default","ast-page-background-meta":{"desktop":{"background-color":"var(--ast-global-color-5)","background-image":"","background-repeat":"repeat","background-position":"center center","background-size":"auto","background-attachment":"scroll","background-type":"","background-media":"","overlay-type":"","overlay-color":"","overlay-opacity":"","overlay-gradient":""},"tablet":{"background-color":"","background-image":"","background-repeat":"repeat","background-position":"center center","background-size":"auto","background-attachment":"scroll","background-type":"","background-media":"","overlay-type":"","overlay-color":"","overlay-opacity":"","overlay-gradient":""},"mobile":{"background-color":"","background-image":"","background-repeat":"repeat","background-position":"center center","background-size":"auto","background-attachment":"scroll","background-type":"","background-media":"","overlay-type":"","overlay-color":"","overlay-opacity":"","overlay-gradient":""}},"ast-content-background-meta":{"desktop":{"background-color":"var(--ast-global-color-4)","background-image":"","background-repeat":"repeat","background-position":"center center","background-size":"auto","background-attachment":"scroll","background-type":"","background-media":"","overlay-type":"","overlay-color":"","overlay-opacity":"","overlay-gradient":""},"tablet":{"background-color":"var(--ast-global-color-4)","background-image":"","background-repeat":"repeat","background-position":"center center","background-size":"auto","background-attachment":"scroll","background-type":"","background-media":"","overlay-type":"","overlay-color":"","overlay-opacity":"","overlay-gradient":""},"mobile":{"background-color":"var(--ast-global-color-4)","background-image":"","background-repeat":"repeat","background-position":"center center","background-size":"auto","background-attachment":"scroll","background-type":"","background-media":"","overlay-type":"","overlay-color":"","overlay-opacity":"","overlay-gradient":""}},"footnotes":""},"class_list":["post-15","page","type-page","status-publish","hentry"],"_links":{"self":[{"href":"https:\/\/itallopizza.pl\/index.php\/wp-json\/wp\/v2\/pages\/15","targetHints":{"allow":["GET"]}}],"collection":[{"href":"https:\/\/itallopizza.pl\/index.php\/wp-json\/wp\/v2\/pages"}],"about":[{"href":"https:\/\/itallopizza.pl\/index.php\/wp-json\/wp\/v2\/types\/page"}],"author":[{"embeddable":true,"href":"https:\/\/itallopizza.pl\/index.php\/wp-json\/wp\/v2\/users\/1"}],"replies":[{"embeddable":true,"href":"https:\/\/itallopizza.pl\/index.php\/wp-json\/wp\/v2\/comments?post=15"}],"version-history":[{"count":10,"href":"https:\/\/itallopizza.pl\/index.php\/wp-json\/wp\/v2\/pages\/15\/revisions"}],"predecessor-version":[{"id":210,"href":"https:\/\/itallopizza.pl\/index.php\/wp-json\/wp\/v2\/pages\/15\/revisions\/210"}],"wp:attachment":[{"href":"https:\/\/itallopizza.pl\/index.php\/wp-json\/wp\/v2\/media?parent=15"}],"curies":[{"name":"wp","href":"https:\/\/api.w.org\/{rel}","templated":true}]}}